{"id":219,"date":"2022-01-02T19:49:11","date_gmt":"2022-01-02T19:49:11","guid":{"rendered":"http:\/\/alexandreaquino.com.br\/?page_id=219"},"modified":"2022-01-02T22:57:53","modified_gmt":"2022-01-02T22:57:53","slug":"artigos-academicos","status":"publish","type":"page","link":"http:\/\/alexandreaquino.com.br\/?page_id=219","title":{"rendered":"Artigos Acad\u00eamicos"},"content":{"rendered":"\n<div class=\"wp-block-media-text alignwide has-media-on-the-right is-stacked-on-mobile\"><figure class=\"wp-block-media-text__media\"><img src=\"http:\/\/alexandreaquino.com.br\/wp-content\/uploads\/2020\/06\/Capa_Alexandre_Aquino_Trio-3.png\" alt=\"\" class=\"wp-image-91 size-full\"\/><\/figure><div class=\"wp-block-media-text__content\"><\/div><\/div>\n\n\n\n<p><a rel=\"noreferrer noopener\" href=\"http:\/\/www.alexandreaquino.com.br\/alexandre_aquino_-_timbre_versus_fraseado_-_a_improvisacao_de_pat_metheny_em_song_for_bilbao.pdf\" target=\"_blank\">TIMBRE VERSUS FRASEADO: A Improvisa\u00e7\u00e3o de Pat Metheny em Song For Bilba<\/a><a rel=\"noreferrer noopener\" href=\"http:\/\/alexandre_aquino_-_timbre_versus_fraseado_-_a_improvisacao_de_pat_metheny_em_song_for_bilbao.pdf\/\" target=\"_blank\">o<\/a> (PDF)<\/p>\n\n\n\n<p><a rel=\"noreferrer noopener\" href=\"http:\/\/www.alexandreaquino.com.br\/samba_jazz_reflexoes_sobre_a_ferramenta_play_along.pdf\" target=\"_blank\">SAMBA JAZZ: Reflex\u00f5es sobre a ferramenta Play Along<\/a> (PDF)<\/p>\n","protected":false},"excerpt":{"rendered":"<p>TIMBRE VERSUS FRASEADO: A Improvisa\u00e7\u00e3o de Pat Metheny em Song For Bilbao (PDF) SAMBA JAZZ: Reflex\u00f5es sobre a ferramenta Play Along (PDF)<\/p>\n","protected":false},"author":1,"featured_media":0,"parent":0,"menu_order":0,"comment_status":"closed","ping_status":"closed","template":"","meta":[],"_links":{"self":[{"href":"http:\/\/alexandreaquino.com.br\/index.php?rest_route=\/wp\/v2\/pages\/219"}],"collection":[{"href":"http:\/\/alexandreaquino.com.br\/index.php?rest_route=\/wp\/v2\/pages"}],"about":[{"href":"http:\/\/alexandreaquino.com.br\/index.php?rest_route=\/wp\/v2\/types\/page"}],"author":[{"embeddable":true,"href":"http:\/\/alexandreaquino.com.br\/index.php?rest_route=\/wp\/v2\/users\/1"}],"replies":[{"embeddable":true,"href":"http:\/\/alexandreaquino.com.br\/index.php?rest_route=%2Fwp%2Fv2%2Fcomments&post=219"}],"version-history":[{"count":3,"href":"http:\/\/alexandreaquino.com.br\/index.php?rest_route=\/wp\/v2\/pages\/219\/revisions"}],"predecessor-version":[{"id":227,"href":"http:\/\/alexandreaquino.com.br\/index.php?rest_route=\/wp\/v2\/pages\/219\/revisions\/227"}],"wp:attachment":[{"href":"http:\/\/alexandreaquino.com.br\/index.php?rest_route=%2Fwp%2Fv2%2Fmedia&parent=219"}],"curies":[{"name":"wp","href":"https:\/\/api.w.org\/{rel}","templated":true}]}}