{"id":67,"date":"2020-06-12T19:24:08","date_gmt":"2020-06-12T19:24:08","guid":{"rendered":"http:\/\/alexandreaquino.com.br\/?page_id=11"},"modified":"2020-06-12T19:24:08","modified_gmt":"2020-06-12T19:24:08","slug":"alexandre-aquino","status":"publish","type":"page","link":"http:\/\/alexandreaquino.com.br\/","title":{"rendered":""},"content":{"rendered":"\n<figure class=\"wp-block-embed-youtube aligncenter wp-block-embed is-type-video is-provider-youtube wp-embed-aspect-16-9 wp-has-aspect-ratio\"><div class=\"wp-block-embed__wrapper\">\n<iframe loading=\"lazy\" width=\"840\" height=\"473\" src=\"https:\/\/www.youtube.com\/embed\/gyOPjb8qPEU?feature=oembed\" frameborder=\"0\" allow=\"accelerometer; autoplay; encrypted-media; gyroscope; picture-in-picture\" allowfullscreen><\/iframe>\n<\/div><\/figure>\n\n\n\n<p style=\"text-align:center\" class=\"has-drop-cap\"> Guitarrista, Compositor e Professor. Alexandre Aquino \u00e9 bacharel em M\u00fasica, com especializa\u00e7\u00e3o em guitarra sob orienta\u00e7\u00e3o do Prof. Ms. Marcelo Gomes, pela faculdade FAAM\/SP e p\u00f3s graduado em Doc\u00eancia pela FMU\/SP. Al\u00e9m do ensino acad\u00eamico, aprofundou-se no estudo de guitarra com os professores Adriano Carvalho (Faculdade Paulista de Artes), Kiko Moura (EMT) e Lupa Santiago (Faculdade Souza Lima).<\/p>\n\n\n\n<p style=\"text-align:center\">Em seu curriculum possui experi\u00eancia como sideman do artista B\u00eaca Arruda, com quem trabalha desde 2006, tendo realizado neste per\u00edodo mais de 150 shows em mais de 40 cidades diferentes espalhadas pelo Brasil, al\u00e9m de ter a oportunidade de dividir o palco com bandas famosas no cen\u00e1rio da m\u00fasica pop como, por exemplo, Natiruts, CPM 22, O Teatro M\u00e1gico, Planta e Raiz, Chimarruts, entre outras.<\/p>\n\n\n\n<p style=\"text-align:center\">Atua tamb\u00e9m no mercado de eventos atrav\u00e9s da Banda Revolution, com quem j\u00e1 se apresentou no HSBC Brasil, Jockey Clube de S\u00e3o Paulo, Clube Hebraica, Buffet Fran\u00e7a, Hotel Unique, Casa Itaim, Leopolldo, Clube Paulistano, Espa\u00e7o Villa Lobos, Casa Petra, Mans\u00e3o Cidade Jardim, Trivento, Buffet T\u00f4rres, etc.<\/p>\n\n\n\n<p style=\"text-align:center\">\u00c9 integrante da &#8220;Z\u00e9rr\u00f3 Santos Big Band Project&#8221;, que conta com 25 m\u00fasicos e apresenta um seleto repert\u00f3rio que cont\u00e9m desde bai\u00e3o, samba, frevo, choro e maracatu at\u00e9 standards de jazz.<\/p>\n\n\n\n<p style=\"text-align:center\">Participou do elenco do filme, curta metragem, &#8220;Walking Bass&#8221; que ser\u00e1 exibido em diversos festivais de cinema pelo continente Europeu.<\/p>\n\n\n\n<p style=\"text-align:center\">Faz parte do corpo docente das escolas de m\u00fasica Studio Meyer (desde 2005) e School of Rock (desde 2013), onde ministra aulas de Guitarra, Viol\u00e3o e Pr\u00e1tica de Conjunto com uma m\u00e9dia de mais de 100 aulas mensais. Paralelamente a estes trabalhos, desenvolve sua carreira autoral aonde apresenta suas composi\u00e7\u00f5es ao p\u00fablico atrav\u00e9s do Projeto Tut\u00fa e do Alexandre Aquino Trio.\n\n<\/p>\n","protected":false},"excerpt":{"rendered":"<p>Guitarrista, Compositor e Professor. Alexandre Aquino \u00e9 bacharel em M\u00fasica, com especializa\u00e7\u00e3o em guitarra sob orienta\u00e7\u00e3o do Prof. Ms. Marcelo Gomes, pela faculdade FAAM\/SP e p\u00f3s graduado em Doc\u00eancia pela FMU\/SP. Al\u00e9m do ensino acad\u00eamico, aprofundou-se no estudo de guitarra com os professores Adriano Carvalho (Faculdade Paulista de Artes), Kiko Moura (EMT) e Lupa Santiago &hellip; <a href=\"http:\/\/alexandreaquino.com.br\/\" class=\"more-link\">Continue lendo<span class=\"screen-reader-text\"> &#8220;&#8221;<\/span><\/a><\/p>\n","protected":false},"author":1,"featured_media":0,"parent":0,"menu_order":0,"comment_status":"closed","ping_status":"closed","template":"","meta":[],"_links":{"self":[{"href":"http:\/\/alexandreaquino.com.br\/index.php?rest_route=\/wp\/v2\/pages\/67"}],"collection":[{"href":"http:\/\/alexandreaquino.com.br\/index.php?rest_route=\/wp\/v2\/pages"}],"about":[{"href":"http:\/\/alexandreaquino.com.br\/index.php?rest_route=\/wp\/v2\/types\/page"}],"author":[{"embeddable":true,"href":"http:\/\/alexandreaquino.com.br\/index.php?rest_route=\/wp\/v2\/users\/1"}],"replies":[{"embeddable":true,"href":"http:\/\/alexandreaquino.com.br\/index.php?rest_route=%2Fwp%2Fv2%2Fcomments&post=67"}],"version-history":[{"count":0,"href":"http:\/\/alexandreaquino.com.br\/index.php?rest_route=\/wp\/v2\/pages\/67\/revisions"}],"wp:attachment":[{"href":"http:\/\/alexandreaquino.com.br\/index.php?rest_route=%2Fwp%2Fv2%2Fmedia&parent=67"}],"curies":[{"name":"wp","href":"https:\/\/api.w.org\/{rel}","templated":true}]}}